{"id":339,"date":"2022-10-20T06:49:58","date_gmt":"2022-10-20T06:49:58","guid":{"rendered":"https:\/\/luttai.com\/?page_id=339"},"modified":"2022-10-20T08:16:34","modified_gmt":"2022-10-20T08:16:34","slug":"shop","status":"publish","type":"page","link":"https:\/\/luttai.com\/en\/shop\/","title":{"rendered":"Shop"},"content":{"rendered":"<p>a <strong>UNIQUE KEY HANGER  <\/strong>for a <strong> UNIQUE HUMAN BEING<\/strong><\/p>\n\n\n\n<p>Are you looking for a small gift for a fellow human being or yourself and at the same time want to let him*yourself know that you have recognised him*yourself as UNIQUE, then this key hanger could be something for you. The three letters IAU are stamped on the front, which stand for \"I Am Unique\". On the back is the name of the person receiving the gift. <\/p>\n\n\n<div class=\"wp-block-image\">\n<figure class=\"aligncenter size-full is-resized\"><img loading=\"lazy\" decoding=\"async\" src=\"https:\/\/luttai.com\/wp-content\/uploads\/LUTTAI-keychain.jpeg\" alt=\"\" class=\"wp-image-424\" width=\"409\" height=\"432\" srcset=\"https:\/\/luttai.com\/wp-content\/uploads\/LUTTAI-keychain.jpeg 2152w, https:\/\/luttai.com\/wp-content\/uploads\/LUTTAI-keychain-282x300.jpeg 282w, https:\/\/luttai.com\/wp-content\/uploads\/LUTTAI-keychain-961x1024.jpeg 961w, https:\/\/luttai.com\/wp-content\/uploads\/LUTTAI-keychain-768x818.jpeg 768w, https:\/\/luttai.com\/wp-content\/uploads\/LUTTAI-keychain-1442x1536.jpeg 1442w, https:\/\/luttai.com\/wp-content\/uploads\/LUTTAI-keychain-1923x2048.jpeg 1923w, https:\/\/luttai.com\/wp-content\/uploads\/LUTTAI-keychain-11x12.jpeg 11w\" sizes=\"auto, (max-width: 409px) 100vw, 409px\" \/><\/figure>\n<\/div>\n\n\n<p><strong>Scope of delivery:<\/strong> Each key hanger comes with a double card and envelope. In addition, a small note is enclosed on which the QR code to <a href=\"https:\/\/youtu.be\/snoZxM0Nccg\" data-type=\"URL\" data-id=\"https:\/\/youtu.be\/X9Qfu0RZOOA\" target=\"_blank\" rel=\"noreferrer noopener\">this video message<\/a> is listed and the person is given the task of making a fingerprint and noting down some of their strengths and weaknesses, if they like. At the latest, they will hopefully realise that they are indeed unique \ud83d\ude09<\/p>\n\n\n<div class=\"wp-block-image\">\n<figure class=\"aligncenter size-large is-resized\"><img loading=\"lazy\" decoding=\"async\" src=\"https:\/\/luttai.com\/wp-content\/uploads\/scope-of-delivery-scaled.jpeg\" alt=\"\" class=\"wp-image-422\" width=\"450\" height=\"337\" srcset=\"https:\/\/luttai.com\/wp-content\/uploads\/scope-of-delivery-scaled.jpeg 2560w, https:\/\/luttai.com\/wp-content\/uploads\/scope-of-delivery-300x189.jpeg 300w, https:\/\/luttai.com\/wp-content\/uploads\/scope-of-delivery-1024x647.jpeg 1024w, https:\/\/luttai.com\/wp-content\/uploads\/scope-of-delivery-768x485.jpeg 768w, https:\/\/luttai.com\/wp-content\/uploads\/scope-of-delivery-1536x970.jpeg 1536w, https:\/\/luttai.com\/wp-content\/uploads\/scope-of-delivery-2048x1293.jpeg 2048w, https:\/\/luttai.com\/wp-content\/uploads\/scope-of-delivery-18x12.jpeg 18w\" sizes=\"auto, (max-width: 450px) 100vw, 450px\" \/><\/figure>\n<\/div>\n\n\n<p>The keychains are made by myself from old second hand leather belts.<\/p>\n\n\n\n<figure class=\"wp-block-image size-large\"><img loading=\"lazy\" decoding=\"async\" width=\"1024\" height=\"576\" src=\"https:\/\/luttai.com\/wp-content\/uploads\/20221018_113439-01-1024x576.jpeg\" alt=\"\" class=\"wp-image-415\" srcset=\"https:\/\/luttai.com\/wp-content\/uploads\/20221018_113439-01-1024x576.jpeg 1024w, https:\/\/luttai.com\/wp-content\/uploads\/20221018_113439-01-300x169.jpeg 300w, https:\/\/luttai.com\/wp-content\/uploads\/20221018_113439-01-768x432.jpeg 768w, https:\/\/luttai.com\/wp-content\/uploads\/20221018_113439-01-1536x864.jpeg 1536w, https:\/\/luttai.com\/wp-content\/uploads\/20221018_113439-01-2048x1152.jpeg 2048w, https:\/\/luttai.com\/wp-content\/uploads\/20221018_113439-01-18x10.jpeg 18w\" sizes=\"auto, (max-width: 767px) 89vw, (max-width: 1000px) 54vw, (max-width: 1071px) 543px, 580px\" \/><\/figure>\n\n\n\n<p><strong>Price: 28 CHF<\/strong> (incl. shipping costs in Switzerland, payment details will follow via e-mail)<\/p>\n\n\n\n<p><strong>Order: <\/strong>If you would like to order a keychain, please write to me via the contact form and include the following details:<\/p>\n\n\n\n<p>1. German or English lettering &amp; notes<\/p>\n\n\n\n<p>2. first name of your choice <\/p>\n\n\n\n<p>3. shipping address<\/p>\n\n\n\n<p>Caution: As these are old second hand leather belts, the colour will vary as shown in the picture above.<\/p>\n\n\n\n<p><\/p>\n\n\n\n<p><\/p>","protected":false},"excerpt":{"rendered":"<p>ein EINZIGARTIGER SCHL\u00dcSSELANH\u00c4NGER f\u00fcr einen EINZIGARTIGEN MENSCHEN Suchst du ein kleines Geschenk f\u00fcr einen Mitmenschen oder dich selbst und m\u00f6chtest ihm\/dir gleichzeitige mitteilen, dass du ihn\/dich als EINZIGARTIG erkannt hast, dann k\u00f6nnte dieser Schl\u00fcsselanh\u00e4nger etwas f\u00fcr dich sein. Auf der Vorderseite sind die drei Buchstaben IBE eingestanzt, welche f\u00fcr &#171;Ich Bin Einzigartig&#187; stehen. Auf der &hellip; <\/p>\n<p class=\"link-more\"><a href=\"https:\/\/luttai.com\/en\/shop\/\" class=\"more-link\">Continue reading<span class=\"screen-reader-text\"> &#171;Shop&#187;<\/span><\/a><\/p>","protected":false},"author":1,"featured_media":0,"parent":0,"menu_order":0,"comment_status":"closed","ping_status":"closed","template":"","meta":{"footnotes":""},"class_list":["post-339","page","type-page","status-publish","hentry"],"_links":{"self":[{"href":"https:\/\/luttai.com\/en\/wp-json\/wp\/v2\/pages\/339","targetHints":{"allow":["GET"]}}],"collection":[{"href":"https:\/\/luttai.com\/en\/wp-json\/wp\/v2\/pages"}],"about":[{"href":"https:\/\/luttai.com\/en\/wp-json\/wp\/v2\/types\/page"}],"author":[{"embeddable":true,"href":"https:\/\/luttai.com\/en\/wp-json\/wp\/v2\/users\/1"}],"replies":[{"embeddable":true,"href":"https:\/\/luttai.com\/en\/wp-json\/wp\/v2\/comments?post=339"}],"version-history":[{"count":25,"href":"https:\/\/luttai.com\/en\/wp-json\/wp\/v2\/pages\/339\/revisions"}],"predecessor-version":[{"id":447,"href":"https:\/\/luttai.com\/en\/wp-json\/wp\/v2\/pages\/339\/revisions\/447"}],"wp:attachment":[{"href":"https:\/\/luttai.com\/en\/wp-json\/wp\/v2\/media?parent=339"}],"curies":[{"name":"wp","href":"https:\/\/api.w.org\/{rel}","templated":true}]}}