{"id":748,"date":"2025-09-19T13:53:03","date_gmt":"2025-09-19T13:53:03","guid":{"rendered":"https:\/\/luttai.com\/?page_id=748"},"modified":"2025-09-21T02:40:39","modified_gmt":"2025-09-21T02:40:39","slug":"luttai-vermutungsbekenntnis","status":"publish","type":"page","link":"https:\/\/luttai.com\/de\/luttai-vermutungsbekenntnis\/","title":{"rendered":"LUTTAI &#8211; Vermutungsbekenntnis"},"content":{"rendered":"\n<p class=\"has-text-align-center\"><em>Ich glaube an uns Menschen,&nbsp;ein empfindsames Lebewesen im Strom der Evolution.&nbsp;<\/em><\/p>\n\n\n\n<p class=\"has-text-align-center\"><em>Ich glaube, dass wir alle in unserem Mensch-Sein eins sind und doch jede*r von uns einzigartig ist.&nbsp;<\/em><\/p>\n\n\n\n<p class=\"has-text-align-center\"><em>Ich glaube, dass wir unsere N\u00e4chsten, unsere Fernsten und uns selbst lieben k\u00f6nnen, wenn wir Liebe als den Wunsch zur artgerechten und Individuum gerechten Entfaltung des Lebens verstehen, solange diese nicht auf Kosten anderer geht.&nbsp;<\/em><\/p>\n\n\n\n<p class=\"has-text-align-center\"><em>Ich glaube, dass jeder Mensch ein Gefangener der in ihm wirkenden Ideen ist und deshalb niemand besser sein kann, als er ist, dass wir uns aber gegenseitig mit liebender Kritik dabei helfen k\u00f6nnen, besser zu werden, als wir sind.&nbsp;<\/em><\/p>\n\n\n\n<p class=\"has-text-align-center\"><em>Ich glaube daran, dass wir durch aufkl\u00e4rerisches Denken, Diskutieren und Handeln bessere Wege finden werden das Wohl von uns Menschen und unseren empfindsamen Verwandten auf der Erde zu vergr\u00f6ssern und Leid zu verringern.<\/em>&nbsp;<\/p>\n\n\n\n<p class=\"has-text-align-center\"><em>Ich glaube, dass wir das empathischste, sozialste, weiseste Lebewesen werden k\u00f6nnen, wenn wir uns gegenseitig zuh\u00f6ren, zusammenarbeiten, unsere St\u00e4rken vereinen und gemeinsam versuchen eine lebenswertere Welt zu schaffen.&nbsp;<\/em><\/p>\n\n\n\n<p class=\"has-text-align-center\"><em>Ich glaube an uns Menschen, ein empfindsames Lebewesen auf dem schwierigen Weg zur Menschlichkeit.&nbsp;&nbsp;<\/em><\/p>\n\n\n\n<p class=\"has-text-align-center\"><\/p>\n\n\n\n<p><\/p>\n","protected":false},"excerpt":{"rendered":"<p>Ich glaube an uns Menschen,&nbsp;ein empfindsames Lebewesen im Strom der Evolution.&nbsp; Ich glaube, dass wir alle in unserem Mensch-Sein eins sind und doch jede*r von uns einzigartig ist.&nbsp; Ich glaube, dass wir unsere N\u00e4chsten, unsere Fernsten und uns selbst lieben k\u00f6nnen, wenn wir Liebe als den Wunsch zur artgerechten und Individuum gerechten Entfaltung des Lebens &hellip; <\/p>\n<p class=\"link-more\"><a href=\"https:\/\/luttai.com\/de\/luttai-vermutungsbekenntnis\/\" class=\"more-link\"><span class=\"screen-reader-text\">&#171;LUTTAI &#8211; Vermutungsbekenntnis&#187;<\/span> weiterlesen<\/a><\/p>\n","protected":false},"author":1,"featured_media":732,"parent":0,"menu_order":0,"comment_status":"closed","ping_status":"closed","template":"","meta":{"footnotes":""},"class_list":["post-748","page","type-page","status-publish","has-post-thumbnail","hentry"],"_links":{"self":[{"href":"https:\/\/luttai.com\/de\/wp-json\/wp\/v2\/pages\/748","targetHints":{"allow":["GET"]}}],"collection":[{"href":"https:\/\/luttai.com\/de\/wp-json\/wp\/v2\/pages"}],"about":[{"href":"https:\/\/luttai.com\/de\/wp-json\/wp\/v2\/types\/page"}],"author":[{"embeddable":true,"href":"https:\/\/luttai.com\/de\/wp-json\/wp\/v2\/users\/1"}],"replies":[{"embeddable":true,"href":"https:\/\/luttai.com\/de\/wp-json\/wp\/v2\/comments?post=748"}],"version-history":[{"count":3,"href":"https:\/\/luttai.com\/de\/wp-json\/wp\/v2\/pages\/748\/revisions"}],"predecessor-version":[{"id":761,"href":"https:\/\/luttai.com\/de\/wp-json\/wp\/v2\/pages\/748\/revisions\/761"}],"wp:featuredmedia":[{"embeddable":true,"href":"https:\/\/luttai.com\/de\/wp-json\/wp\/v2\/media\/732"}],"wp:attachment":[{"href":"https:\/\/luttai.com\/de\/wp-json\/wp\/v2\/media?parent=748"}],"curies":[{"name":"wp","href":"https:\/\/api.w.org\/{rel}","templated":true}]}}