{"id":339,"date":"2022-10-20T06:49:58","date_gmt":"2022-10-20T06:49:58","guid":{"rendered":"https:\/\/luttai.com\/?page_id=339"},"modified":"2022-10-20T08:16:34","modified_gmt":"2022-10-20T08:16:34","slug":"shop","status":"publish","type":"page","link":"https:\/\/luttai.com\/de\/shop\/","title":{"rendered":"Shop"},"content":{"rendered":"\n<p>ein <strong>EINZIGARTIGER SCHL\u00dcSSELANH\u00c4NGER  <\/strong>f\u00fcr einen <strong> EINZIGARTIGEN MENSCHEN<\/strong><\/p>\n\n\n\n<p>Suchst du ein kleines Geschenk f\u00fcr einen Mitmenschen oder dich selbst und m\u00f6chtest ihm\/dir gleichzeitige mitteilen, dass du ihn\/dich als EINZIGARTIG erkannt hast, dann k\u00f6nnte dieser Schl\u00fcsselanh\u00e4nger etwas f\u00fcr dich sein. Auf der Vorderseite sind die drei Buchstaben IBE eingestanzt, welche f\u00fcr &#171;Ich Bin Einzigartig&#187; stehen. Auf der R\u00fcckseite steht dann der Name des beschenkten Menschen. <\/p>\n\n\n<div class=\"wp-block-image\">\n<figure class=\"aligncenter size-full is-resized\"><img loading=\"lazy\" decoding=\"async\" src=\"https:\/\/luttai.com\/wp-content\/uploads\/LUTTAI-Schluesselanhaenger.jpeg\" alt=\"\" class=\"wp-image-424\" width=\"409\" height=\"432\" srcset=\"https:\/\/luttai.com\/wp-content\/uploads\/LUTTAI-Schluesselanhaenger.jpeg 2268w, https:\/\/luttai.com\/wp-content\/uploads\/LUTTAI-Schluesselanhaenger-284x300.jpeg 284w, https:\/\/luttai.com\/wp-content\/uploads\/LUTTAI-Schluesselanhaenger-969x1024.jpeg 969w, https:\/\/luttai.com\/wp-content\/uploads\/LUTTAI-Schluesselanhaenger-768x812.jpeg 768w, https:\/\/luttai.com\/wp-content\/uploads\/LUTTAI-Schluesselanhaenger-1453x1536.jpeg 1453w, https:\/\/luttai.com\/wp-content\/uploads\/LUTTAI-Schluesselanhaenger-1938x2048.jpeg 1938w, https:\/\/luttai.com\/wp-content\/uploads\/LUTTAI-Schluesselanhaenger-11x12.jpeg 11w\" sizes=\"auto, (max-width: 409px) 100vw, 409px\" \/><\/figure>\n<\/div>\n\n\n<p><strong>Lieferumfang:<\/strong> Jeder Schl\u00fcsselanh\u00e4nger wird zusammen mit einer Doppelkarte &amp; Couvert geliefert. Zus\u00e4tzlich liegt ein kleiner Notizzettel bei, auf welchem der QR Code zu <a href=\"https:\/\/youtu.be\/X9Qfu0RZOOA\" data-type=\"URL\" data-id=\"https:\/\/youtu.be\/X9Qfu0RZOOA\" target=\"_blank\" rel=\"noreferrer noopener\">dieser Videobotschaft<\/a> aufgef\u00fchrt ist  und die Person die Aufgabe erh\u00e4lt einen Fingerabdruck zu machen und einige ihrer St\u00e4rken und Schw\u00e4chen zu notieren, wenn sie denn m\u00f6chte. Sp\u00e4testens dann erkennt sie hoffentlich, dass sie tats\u00e4chlich einzigartig ist \ud83d\ude09<\/p>\n\n\n<div class=\"wp-block-image\">\n<figure class=\"aligncenter size-large is-resized\"><img loading=\"lazy\" decoding=\"async\" src=\"https:\/\/luttai.com\/wp-content\/uploads\/Lieferumfang-Schluesselanhaenger-1024x768.jpeg\" alt=\"\" class=\"wp-image-422\" width=\"450\" height=\"337\" srcset=\"https:\/\/luttai.com\/wp-content\/uploads\/Lieferumfang-Schluesselanhaenger-1024x768.jpeg 1024w, https:\/\/luttai.com\/wp-content\/uploads\/Lieferumfang-Schluesselanhaenger-300x225.jpeg 300w, https:\/\/luttai.com\/wp-content\/uploads\/Lieferumfang-Schluesselanhaenger-768x576.jpeg 768w, https:\/\/luttai.com\/wp-content\/uploads\/Lieferumfang-Schluesselanhaenger-1536x1152.jpeg 1536w, https:\/\/luttai.com\/wp-content\/uploads\/Lieferumfang-Schluesselanhaenger-2048x1536.jpeg 2048w, https:\/\/luttai.com\/wp-content\/uploads\/Lieferumfang-Schluesselanhaenger-16x12.jpeg 16w\" sizes=\"auto, (max-width: 450px) 100vw, 450px\" \/><\/figure>\n<\/div>\n\n\n<p>Die Schl\u00fcsselanh\u00e4nger werden von mir selbst aus alten Second Hand Lederg\u00fcrteln hergestellt.<\/p>\n\n\n\n<figure class=\"wp-block-image size-large\"><img loading=\"lazy\" decoding=\"async\" width=\"1024\" height=\"576\" src=\"https:\/\/luttai.com\/wp-content\/uploads\/20221018_113439-01-1024x576.jpeg\" alt=\"\" class=\"wp-image-415\" srcset=\"https:\/\/luttai.com\/wp-content\/uploads\/20221018_113439-01-1024x576.jpeg 1024w, https:\/\/luttai.com\/wp-content\/uploads\/20221018_113439-01-300x169.jpeg 300w, https:\/\/luttai.com\/wp-content\/uploads\/20221018_113439-01-768x432.jpeg 768w, https:\/\/luttai.com\/wp-content\/uploads\/20221018_113439-01-1536x864.jpeg 1536w, https:\/\/luttai.com\/wp-content\/uploads\/20221018_113439-01-2048x1152.jpeg 2048w, https:\/\/luttai.com\/wp-content\/uploads\/20221018_113439-01-18x10.jpeg 18w\" sizes=\"auto, (max-width: 767px) 89vw, (max-width: 1000px) 54vw, (max-width: 1071px) 543px, 580px\" \/><\/figure>\n\n\n\n<p><strong>Preis:  28 CHF<\/strong> (inkl. Versandkosten in der Schweiz, Bezahldetails folgen via E-Mail)<\/p>\n\n\n\n<p><strong>Bestellung: <\/strong>M\u00f6chtest du einen Schl\u00fcsselanh\u00e4nger bestellen, dann schreibe mir bitte via Kontaktformular und nenne folgende Angaben:<\/p>\n\n\n\n<p>1. deutsche oder englische Beschriftung &amp; Notizzettel<\/p>\n\n\n\n<p>2. Vorname deiner Wahl <\/p>\n\n\n\n<p>3. Versandadresse<\/p>\n\n\n\n<p>Vorsicht: Da es sich um alte Second Hand Lederg\u00fcrtel handelt, variiert die Farbe wie auf dem oben aufgef\u00fchrten Bild.<\/p>\n\n\n\n<p><\/p>\n\n\n\n<p><\/p>\n","protected":false},"excerpt":{"rendered":"<p>ein EINZIGARTIGER SCHL\u00dcSSELANH\u00c4NGER f\u00fcr einen EINZIGARTIGEN MENSCHEN Suchst du ein kleines Geschenk f\u00fcr einen Mitmenschen oder dich selbst und m\u00f6chtest ihm\/dir gleichzeitige mitteilen, dass du ihn\/dich als EINZIGARTIG erkannt hast, dann k\u00f6nnte dieser Schl\u00fcsselanh\u00e4nger etwas f\u00fcr dich sein. Auf der Vorderseite sind die drei Buchstaben IBE eingestanzt, welche f\u00fcr &#171;Ich Bin Einzigartig&#187; stehen. Auf der &hellip; <\/p>\n<p class=\"link-more\"><a href=\"https:\/\/luttai.com\/de\/shop\/\" class=\"more-link\"><span class=\"screen-reader-text\">&#171;Shop&#187;<\/span> weiterlesen<\/a><\/p>\n","protected":false},"author":1,"featured_media":0,"parent":0,"menu_order":0,"comment_status":"closed","ping_status":"closed","template":"","meta":{"footnotes":""},"class_list":["post-339","page","type-page","status-publish","hentry"],"_links":{"self":[{"href":"https:\/\/luttai.com\/de\/wp-json\/wp\/v2\/pages\/339","targetHints":{"allow":["GET"]}}],"collection":[{"href":"https:\/\/luttai.com\/de\/wp-json\/wp\/v2\/pages"}],"about":[{"href":"https:\/\/luttai.com\/de\/wp-json\/wp\/v2\/types\/page"}],"author":[{"embeddable":true,"href":"https:\/\/luttai.com\/de\/wp-json\/wp\/v2\/users\/1"}],"replies":[{"embeddable":true,"href":"https:\/\/luttai.com\/de\/wp-json\/wp\/v2\/comments?post=339"}],"version-history":[{"count":25,"href":"https:\/\/luttai.com\/de\/wp-json\/wp\/v2\/pages\/339\/revisions"}],"predecessor-version":[{"id":447,"href":"https:\/\/luttai.com\/de\/wp-json\/wp\/v2\/pages\/339\/revisions\/447"}],"wp:attachment":[{"href":"https:\/\/luttai.com\/de\/wp-json\/wp\/v2\/media?parent=339"}],"curies":[{"name":"wp","href":"https:\/\/api.w.org\/{rel}","templated":true}]}}