{"id":27,"date":"2020-06-17T18:34:28","date_gmt":"2020-06-17T18:34:28","guid":{"rendered":"https:\/\/luttai.com\/?page_id=27"},"modified":"2026-04-30T14:17:05","modified_gmt":"2026-04-30T14:17:05","slug":"ueber-uns","status":"publish","type":"page","link":"https:\/\/luttai.com\/de\/ueber-uns\/","title":{"rendered":"Ziele"},"content":{"rendered":"\n<ol class=\"wp-block-list\">\n<li>Verbreitung einer <a href=\"https:\/\/youtu.be\/nTlqIdvNrR0?si=xPplMFh9JymRXRz5\" data-type=\"link\" data-id=\"https:\/\/youtu.be\/-G4jl47pS9U?si=g1z_chd2svEvINqF\" target=\"_blank\" rel=\"noreferrer noopener\">neuen Sichtweise was Intelligenz<\/a> ist. Die Kernaussage lautet:<\/li>\n<\/ol>\n\n\n\n<p>Intelligenz ist kein Pers\u00f6nlichkeitsmerkmal, sondern ein Merkmal einer Idee oder Handlung, wenn diese das Wohl von uns Menschen und\/oder anderen empfindsamen Tieren vergr\u00f6ssern und Dummheit ist das Gegenteil, also eine Leid erzeugende Idee oder Handlung. Es gibt deshalb keine intelligenten oder dummen Menschen mehr, sondern nur noch intelligente oder dumme Handlungen und jeder Mensch kann intelligent handeln und jeder Mensch handelt selbstverst\u00e4ndlich manchmal auch dumm. Und wir k\u00f6nnen in einer offenen Diskussion der schwierigen Frage nachgehen, wie wir immer \u00f6fters intelligent, Wohl f\u00f6rdernd handeln k\u00f6nnen.<br>In jedem Schulzimmer dieser Erde sollte deshalb stehen, dass kein Mensch dumm, aber jeder Mensch einzigartig ist, St\u00e4rken und auch Schw\u00e4chen hat und uns diese Vielfalt so unglaublich stark macht, wenn wir es schaffen zusammenzuarbeiten, wir erg\u00e4nzen und erweitern uns gegenseitig. Lasst uns unsere Einzigartigkeit feiern, unsere St\u00e4rken vereinen und gemeinsam versuchen eine bessere Welt zu schaffen, f\u00fcr uns Menschen und unsere tierischen Verwandten. Lasst uns versuchen immer \u00f6fters intelligent zu handeln.<\/p>\n\n\n\n<ol start=\"2\" class=\"wp-block-list\">\n<li>Der Frage nachgehen was es bedeuten k\u00f6nnte Wohl f\u00f6rdernd (intelligent) gegen\u00fcber sich selbst, intelligent gegen\u00fcber allen Mitmenschen und intelligent gegen\u00fcber m\u00f6glichst vielen anderen empfindsamen Wesen zu&nbsp;handeln. Handlungen, Projekte&nbsp;und&nbsp;Menschen aufsuchen und vorstellen, welche versuchen&nbsp;vermeintlich&nbsp;in diesem Sinne zu handeln.<\/li>\n<\/ol>\n\n\n\n<ol start=\"3\" class=\"wp-block-list\">\n<li>Aufbau eines Wohl f\u00f6rdernden, <a href=\"https:\/\/luttai.com\/03-luttai-wirtschaftsmodell\/\" data-type=\"URL\" data-id=\"https:\/\/luttai.com\/03-luttai-wirtschaftsmodell\/\" target=\"_blank\" rel=\"noreferrer noopener\">intelligenten Wirtschaftsmodells<\/a>&nbsp;<\/li>\n<\/ol>\n","protected":false},"excerpt":{"rendered":"<p>Intelligenz ist kein Pers\u00f6nlichkeitsmerkmal, sondern ein Merkmal einer Idee oder Handlung, wenn diese das Wohl von uns Menschen und\/oder anderen empfindsamen Tieren vergr\u00f6ssern und Dummheit ist das Gegenteil, also eine Leid erzeugende Idee oder Handlung. Es gibt deshalb keine intelligenten oder dummen Menschen mehr, sondern nur noch intelligente oder dumme Handlungen und jeder Mensch kann &hellip; <\/p>\n<p class=\"link-more\"><a href=\"https:\/\/luttai.com\/de\/ueber-uns\/\" class=\"more-link\"><span class=\"screen-reader-text\">&#171;Ziele&#187;<\/span> weiterlesen<\/a><\/p>\n","protected":false},"author":1,"featured_media":703,"parent":0,"menu_order":0,"comment_status":"closed","ping_status":"closed","template":"","meta":{"footnotes":""},"class_list":["post-27","page","type-page","status-publish","has-post-thumbnail","hentry"],"_links":{"self":[{"href":"https:\/\/luttai.com\/de\/wp-json\/wp\/v2\/pages\/27","targetHints":{"allow":["GET"]}}],"collection":[{"href":"https:\/\/luttai.com\/de\/wp-json\/wp\/v2\/pages"}],"about":[{"href":"https:\/\/luttai.com\/de\/wp-json\/wp\/v2\/types\/page"}],"author":[{"embeddable":true,"href":"https:\/\/luttai.com\/de\/wp-json\/wp\/v2\/users\/1"}],"replies":[{"embeddable":true,"href":"https:\/\/luttai.com\/de\/wp-json\/wp\/v2\/comments?post=27"}],"version-history":[{"count":29,"href":"https:\/\/luttai.com\/de\/wp-json\/wp\/v2\/pages\/27\/revisions"}],"predecessor-version":[{"id":933,"href":"https:\/\/luttai.com\/de\/wp-json\/wp\/v2\/pages\/27\/revisions\/933"}],"wp:featuredmedia":[{"embeddable":true,"href":"https:\/\/luttai.com\/de\/wp-json\/wp\/v2\/media\/703"}],"wp:attachment":[{"href":"https:\/\/luttai.com\/de\/wp-json\/wp\/v2\/media?parent=27"}],"curies":[{"name":"wp","href":"https:\/\/api.w.org\/{rel}","templated":true}]}}