{"id":26,"date":"2020-06-17T18:34:28","date_gmt":"2020-06-17T18:34:28","guid":{"rendered":"https:\/\/luttai.com\/?page_id=26"},"modified":"2026-03-30T09:40:46","modified_gmt":"2026-03-30T09:40:46","slug":"startseite","status":"publish","type":"page","link":"https:\/\/luttai.com\/de\/","title":{"rendered":"LUTTAI"},"content":{"rendered":"\n<p><strong>Was ist Aufkl\u00e4rung, was ist LUTTAI?<\/strong>&nbsp;<\/p>\n\n\n\n<p class=\"has-text-align-center\"><mark style=\"background-color:#ffffff\" class=\"has-inline-color has-black-color\"><em>Aufkl\u00e4rung ist der Ausgang des Menschen aus seiner unverschuldeten Unwissenheit und des daraus resultierenden Leides. <\/em><\/mark><\/p>\n\n\n\n<p>Unwissenheit ist der Naturzustand des Menschen. Unverschuldet ist dieser, weil jeder Mensch unwissend und ohne freien Willen in eine nicht von sich aus wohlwollende Welt geboren wird. Zu Leid f\u00fchrt Unwissenheit, weil die Ursachen von Leid oder leidmindernde L\u00f6sungswege nicht bekannt sind.\u00a0<\/p>\n\n\n\n<p>Im Prozess der Aufkl\u00e4rung sind wir Menschen daran durch kritisches Denken&nbsp;(<a href=\"https:\/\/youtu.be\/XsJ0KIZcYYY\" data-type=\"link\" data-id=\"https:\/\/youtu.be\/XsJ0KIZcYYY\" target=\"_blank\" rel=\"noreferrer noopener\">Video dazu<\/a>) immer bessere Erkl\u00e4rungen und L\u00f6sungswege zu entdecken, um uns aus der Unwissenheit und dem Leid zu befreien.&nbsp;<\/p>\n\n\n\n<p>Habe&nbsp;das Verst\u00e4ndnis und die Nachsicht, dass kein Mensch besser sein kann als er ist.&nbsp;Habe&nbsp;aber auch den begr\u00fcndeten Glauben an jeden Menschen und die gesamte Menschheit, besser zu werden, als wir sind. Und habe dazu die Offenheit und den Mut, Kritik als Geschenk zu empfangen und selbst Kritik zu schenken, um gemeinsam eine bessere Welt zu schaffen.&nbsp;<\/p>\n\n\n\n<p>\u201aMiteinander statt gegeneinander\u2019 k\u00f6nnte deshalb ein Wahlspruch sein f\u00fcr eine realistischere, nicht anschuldigende Aufkl\u00e4rung im 21.Jahrhundert&nbsp;(<a href=\"https:\/\/luttai.com\/de\/21-was-ist-aufklaerung\/\" data-type=\"link\" data-id=\"https:\/\/luttai.com\/de\/21-was-ist-aufklaerung\/\" target=\"_blank\" rel=\"noreferrer noopener\">mehr&nbsp;dazu<\/a>).&nbsp;<\/p>\n\n\n\n<p><em>\u00abWir irren uns empor\u00bb,&nbsp;indem wir \u201cIdeen sterben lassen, bevor Menschen f\u00fcr Ideen sterben m\u00fcssen.\u201d<\/em>&nbsp;<\/p>\n\n\n\n<p>LUTTAI versucht einen Beitrag zu dieser offenen Diskussion zu leisten.&nbsp;&nbsp;Auf der Suche&nbsp;nach&nbsp;der Entfaltung des Lebens, denn:<\/p>\n\n\n\n<p class=\"has-text-align-center\"><mark style=\"background-color:#ffffff\" class=\"has-inline-color has-black-color\"><em>Wir alle sind Leben, das sich entfalten m\u00f6chte, inmitten von Leben, das sich entfalten m\u00f6chte.<\/em>&nbsp;<\/mark><\/p>\n\n\n\n<p>LUTTAI<\/p>\n\n\n\n\n\n\n<iframe loading=\"lazy\" title=\"#11  Flagge Nr. 1: Offene Diskussion - Kritik als Geschenk - Logik und Vernunft\" width=\"525\" height=\"295\" src=\"https:\/\/www.youtube.com\/embed\/in0klXZL7qA?feature=oembed\" frameborder=\"0\" allow=\"accelerometer; autoplay; clipboard-write; encrypted-media; gyroscope; picture-in-picture; web-share\" referrerpolicy=\"strict-origin-when-cross-origin\" allowfullscreen><\/iframe>\n\n\n\n\n<p><\/p>\n\n\n\n<p><\/p>\n\n\n\n<p><\/p>\n\n\n\n<p><\/p>\n\n\n\n<p><\/p>\n\n\n\n<p><\/p>\n","protected":false},"excerpt":{"rendered":"<p>Was ist Aufkl\u00e4rung, was ist LUTTAI?&nbsp; Aufkl\u00e4rung ist der Ausgang des Menschen aus seiner unverschuldeten Unwissenheit und des daraus resultierenden Leides. Unwissenheit ist der Naturzustand des Menschen. Unverschuldet ist dieser, weil jeder Mensch unwissend und ohne freien Willen in eine nicht von sich aus wohlwollende Welt geboren wird. Zu Leid f\u00fchrt Unwissenheit, weil die Ursachen &hellip; <\/p>\n<p class=\"link-more\"><a href=\"https:\/\/luttai.com\/de\/\" class=\"more-link\"><span class=\"screen-reader-text\">&#171;LUTTAI&#187;<\/span> weiterlesen<\/a><\/p>\n","protected":false},"author":1,"featured_media":0,"parent":0,"menu_order":0,"comment_status":"closed","ping_status":"closed","template":"","meta":{"footnotes":""},"class_list":["post-26","page","type-page","status-publish","hentry"],"_links":{"self":[{"href":"https:\/\/luttai.com\/de\/wp-json\/wp\/v2\/pages\/26","targetHints":{"allow":["GET"]}}],"collection":[{"href":"https:\/\/luttai.com\/de\/wp-json\/wp\/v2\/pages"}],"about":[{"href":"https:\/\/luttai.com\/de\/wp-json\/wp\/v2\/types\/page"}],"author":[{"embeddable":true,"href":"https:\/\/luttai.com\/de\/wp-json\/wp\/v2\/users\/1"}],"replies":[{"embeddable":true,"href":"https:\/\/luttai.com\/de\/wp-json\/wp\/v2\/comments?post=26"}],"version-history":[{"count":121,"href":"https:\/\/luttai.com\/de\/wp-json\/wp\/v2\/pages\/26\/revisions"}],"predecessor-version":[{"id":926,"href":"https:\/\/luttai.com\/de\/wp-json\/wp\/v2\/pages\/26\/revisions\/926"}],"wp:attachment":[{"href":"https:\/\/luttai.com\/de\/wp-json\/wp\/v2\/media?parent=26"}],"curies":[{"name":"wp","href":"https:\/\/api.w.org\/{rel}","templated":true}]}}