{"id":217,"date":"2020-10-12T21:11:00","date_gmt":"2020-10-12T21:11:00","guid":{"rendered":"https:\/\/luttai.com\/?page_id=217"},"modified":"2025-09-01T15:15:21","modified_gmt":"2025-09-01T15:15:21","slug":"angebot","status":"publish","type":"page","link":"https:\/\/luttai.com\/de\/angebot\/","title":{"rendered":"Angebote"},"content":{"rendered":"\n<p><strong>Video- oder Blogbeitrag<\/strong><\/p>\n\n\n\n<p>Du glaubst eine tolle Idee im Sinne der  <a href=\"https:\/\/youtu.be\/fK3vWraiQyU\" target=\"_blank\" rel=\"noreferrer noopener\">LUTTAI-Intelligenzdefinition<\/a> zu haben? Oder verwirklichst Du diese bereits? Oder Du setzt Dich bereits im Sinne der LUTTAI-Intelligenzdefinition ein?<\/p>\n\n\n\n<p>Gerne komme ich bei Dir vorbei und versuche Deine Arbeit\/Vision\/Gesch\u00e4ftsidee videographisch oder in einem Interview festzuhalten, um es anschliessen auf meiner Homepage zu ver\u00f6ffentlichen und hoffentlich Interessenten damit zu erreichen.<\/p>\n\n\n\n<p><strong>Vortr\u00e4ge \/ Workshops<\/strong><\/p>\n\n\n\n<p>Gerne komme ich an Deiner Schule oder in Deiner Organisation vorbei und versuche euch anzuregen \u00fcber die meines Erachtens vorherrschende Intelligenzdefinition nachzudenken. Meine zwei Kernaussagen, die ich vermitteln m\u00f6chte, lauten:<\/p>\n\n\n\n<p>1. Kein Mensch ist dumm, dumm k\u00f6nnen nur Handlungen sein. Das Ziel von Wahrer Intelligenz ist das maximale Wohl aller empfindsamer Wesen. Wahre Intelligenz finden wir deshalb in Handlungen, welche das Wohl empfindsamer Wesen mehren. Wahre Dummheit finden wir hingegen in Handlungen, welche das Wohl empfindsamer Menschen mindern. Lasst uns versuchen intelligent zu handeln.<\/p>\n\n\n\n<p>2. Du bist einzigartig. Jeder von uns hat einzigartige St\u00e4rken und einzigartige Schw\u00e4chen. Wenn wir zusammenarbeiten k\u00f6nnen wir von den St\u00e4rken anderer Menschen profitieren und unsere eigenen St\u00e4rken selbst der Gemeinschaft zur Verf\u00fcgung stellen.<\/p>\n","protected":false},"excerpt":{"rendered":"<p>Video- oder Blogbeitrag Du glaubst eine tolle Idee im Sinne der LUTTAI-Intelligenzdefinition zu haben? Oder verwirklichst Du diese bereits? Oder Du setzt Dich bereits im Sinne der LUTTAI-Intelligenzdefinition ein? Gerne komme ich bei Dir vorbei und versuche Deine Arbeit\/Vision\/Gesch\u00e4ftsidee videographisch oder in einem Interview festzuhalten, um es anschliessen auf meiner Homepage zu ver\u00f6ffentlichen und hoffentlich &hellip; <\/p>\n<p class=\"link-more\"><a href=\"https:\/\/luttai.com\/de\/angebot\/\" class=\"more-link\"><span class=\"screen-reader-text\">&#171;Angebote&#187;<\/span> weiterlesen<\/a><\/p>\n","protected":false},"author":1,"featured_media":0,"parent":0,"menu_order":0,"comment_status":"closed","ping_status":"closed","template":"","meta":{"footnotes":""},"class_list":["post-217","page","type-page","status-publish","hentry"],"_links":{"self":[{"href":"https:\/\/luttai.com\/de\/wp-json\/wp\/v2\/pages\/217","targetHints":{"allow":["GET"]}}],"collection":[{"href":"https:\/\/luttai.com\/de\/wp-json\/wp\/v2\/pages"}],"about":[{"href":"https:\/\/luttai.com\/de\/wp-json\/wp\/v2\/types\/page"}],"author":[{"embeddable":true,"href":"https:\/\/luttai.com\/de\/wp-json\/wp\/v2\/users\/1"}],"replies":[{"embeddable":true,"href":"https:\/\/luttai.com\/de\/wp-json\/wp\/v2\/comments?post=217"}],"version-history":[{"count":17,"href":"https:\/\/luttai.com\/de\/wp-json\/wp\/v2\/pages\/217\/revisions"}],"predecessor-version":[{"id":695,"href":"https:\/\/luttai.com\/de\/wp-json\/wp\/v2\/pages\/217\/revisions\/695"}],"wp:attachment":[{"href":"https:\/\/luttai.com\/de\/wp-json\/wp\/v2\/media?parent=217"}],"curies":[{"name":"wp","href":"https:\/\/api.w.org\/{rel}","templated":true}]}}