{"id":132,"date":"2020-06-28T17:24:18","date_gmt":"2020-06-28T17:24:18","guid":{"rendered":"https:\/\/luttai.com\/?page_id=132"},"modified":"2025-09-15T05:02:02","modified_gmt":"2025-09-15T05:02:02","slug":"support-us","status":"publish","type":"page","link":"https:\/\/luttai.com\/de\/support-us\/","title":{"rendered":"Unterst\u00fctze LUTTAI"},"content":{"rendered":"\n<p>M\u00f6chtest du die Arbeit von LUTTAI unterst\u00fctzen? <\/p>\n\n\n\n<p>Falls ja, dann freue ich mich \u00fcber jeden Betrag. Falls du aber entscheiden musst, ob du deinen Beitrag LUTTAI spendest oder aber  Menschen in Not, dann entscheide dich bitte f\u00fcr Zweiteres. LUTTAI freut sich auch, wenn du deinen Freunden davon erz\u00e4hlst \ud83d\ude09 <\/p>\n\n\n\n<p>Vielen Dank<\/p>\n\n\n\n<p>Tom<\/p>\n\n\n\n<p>wichtiger Hinweis: Da die LUTTAI-Finanzen \u00f6ffentlich einsehbar sind, wird auch deine Unterst\u00fctzung wie folgt einsehbar sein: Nachname\/Organisation_Land_Datum_Betrag<\/p>\n\n\n\n<p>Unterst\u00fctzung via Paypal (weltweit):<\/p>\n\n\n<form action=\"https:\/\/www.paypal.com\/cgi-bin\/webscr\" method=\"post\" target=\"_top\"><input name=\"cmd\" type=\"hidden\" value=\"_s-xclick\" \/><br \/><input name=\"hosted_button_id\" type=\"hidden\" value=\"YH5ATYDW8REZE\" \/><br \/><input title=\"PayPal - The safer, easier way to pay online!\" alt=\"Donate with PayPal button\" name=\"submit\" src=\"https:\/\/www.paypalobjects.com\/en_US\/CH\/i\/btn\/btn_donateCC_LG.gif\" type=\"image\" \/><br \/><img loading=\"lazy\" decoding=\"async\" src=\"https:\/\/www.paypal.com\/en_CH\/i\/scr\/pixel.gif\" alt=\"\" width=\"1\" height=\"1\" border=\"0\" \/><\/form>","protected":false},"excerpt":{"rendered":"<p>M\u00f6chtest du die Arbeit von LUTTAI unterst\u00fctzen? Falls ja, dann freue ich mich \u00fcber jeden Betrag. Falls du aber entscheiden musst, ob du deinen Beitrag LUTTAI spendest oder aber Menschen in Not, dann entscheide dich bitte f\u00fcr Zweiteres. LUTTAI freut sich auch, wenn du deinen Freunden davon erz\u00e4hlst \ud83d\ude09 Vielen Dank Tom wichtiger Hinweis: Da &hellip; <\/p>\n<p class=\"link-more\"><a href=\"https:\/\/luttai.com\/de\/support-us\/\" class=\"more-link\"><span class=\"screen-reader-text\">&#171;Unterst\u00fctze LUTTAI&#187;<\/span> weiterlesen<\/a><\/p>\n","protected":false},"author":1,"featured_media":0,"parent":0,"menu_order":0,"comment_status":"closed","ping_status":"closed","template":"","meta":{"footnotes":""},"class_list":["post-132","page","type-page","status-publish","hentry"],"_links":{"self":[{"href":"https:\/\/luttai.com\/de\/wp-json\/wp\/v2\/pages\/132","targetHints":{"allow":["GET"]}}],"collection":[{"href":"https:\/\/luttai.com\/de\/wp-json\/wp\/v2\/pages"}],"about":[{"href":"https:\/\/luttai.com\/de\/wp-json\/wp\/v2\/types\/page"}],"author":[{"embeddable":true,"href":"https:\/\/luttai.com\/de\/wp-json\/wp\/v2\/users\/1"}],"replies":[{"embeddable":true,"href":"https:\/\/luttai.com\/de\/wp-json\/wp\/v2\/comments?post=132"}],"version-history":[{"count":24,"href":"https:\/\/luttai.com\/de\/wp-json\/wp\/v2\/pages\/132\/revisions"}],"predecessor-version":[{"id":719,"href":"https:\/\/luttai.com\/de\/wp-json\/wp\/v2\/pages\/132\/revisions\/719"}],"wp:attachment":[{"href":"https:\/\/luttai.com\/de\/wp-json\/wp\/v2\/media?parent=132"}],"curies":[{"name":"wp","href":"https:\/\/api.w.org\/{rel}","templated":true}]}}